{"id":525,"date":"2024-06-28T00:40:29","date_gmt":"2024-06-27T21:40:29","guid":{"rendered":"https:\/\/vizionare.com.br\/?page_id=525"},"modified":"2024-06-28T02:29:45","modified_gmt":"2024-06-27T23:29:45","slug":"processos-seletivos-e-concursos","status":"publish","type":"page","link":"https:\/\/vizionare.com.br\/index.php\/processos-seletivos-e-concursos\/","title":{"rendered":"Processos seletivos e concursos"},"content":{"rendered":"\t\t<div data-elementor-type=\"wp-page\" data-elementor-id=\"525\" class=\"elementor elementor-525\" data-elementor-post-type=\"page\">\n\t\t\t\t\t\t<section class=\"elementor-section elementor-top-section elementor-element elementor-element-ab446c7 elementor-section-boxed elementor-section-height-default elementor-section-height-default\" data-id=\"ab446c7\" data-element_type=\"section\" data-e-type=\"section\">\n\t\t\t\t\t\t<div class=\"elementor-container elementor-column-gap-default\">\n\t\t\t\t\t<div class=\"elementor-column elementor-col-100 elementor-top-column elementor-element elementor-element-b7c0aa4\" data-id=\"b7c0aa4\" data-element_type=\"column\" data-e-type=\"column\">\n\t\t\t<div class=\"elementor-widget-wrap elementor-element-populated\">\n\t\t\t\t\t\t<div class=\"elementor-element elementor-element-c34a880 elementor-widget elementor-widget-heading\" data-id=\"c34a880\" data-element_type=\"widget\" data-e-type=\"widget\" data-widget_type=\"heading.default\">\n\t\t\t\t<div class=\"elementor-widget-container\">\n\t\t\t\t\t<h1 class=\"elementor-heading-title elementor-size-default\">PROCESSOS SELETIVOS E CONCURSOS<\/h1>\t\t\t\t<\/div>\n\t\t\t\t<\/div>\n\t\t\t\t<div class=\"elementor-element elementor-element-fe32353 elementor-widget elementor-widget-spacer\" data-id=\"fe32353\" data-element_type=\"widget\" data-e-type=\"widget\" data-widget_type=\"spacer.default\">\n\t\t\t\t<div class=\"elementor-widget-container\">\n\t\t\t\t\t\t\t<div class=\"elementor-spacer\">\n\t\t\t<div class=\"elementor-spacer-inner\"><\/div>\n\t\t<\/div>\n\t\t\t\t\t\t<\/div>\n\t\t\t\t<\/div>\n\t\t\t\t\t<\/div>\n\t\t<\/div>\n\t\t\t\t\t<\/div>\n\t\t<\/section>\n\t\t\t\t<section class=\"elementor-section elementor-top-section elementor-element elementor-element-643a3ff0 elementor-section-boxed elementor-section-height-default elementor-section-height-default\" data-id=\"643a3ff0\" data-element_type=\"section\" data-e-type=\"section\">\n\t\t\t\t\t\t<div class=\"elementor-container elementor-column-gap-default\">\n\t\t\t\t\t<div class=\"elementor-column elementor-col-100 elementor-top-column elementor-element elementor-element-6a429378\" data-id=\"6a429378\" data-element_type=\"column\" data-e-type=\"column\">\n\t\t\t<div class=\"elementor-widget-wrap elementor-element-populated\">\n\t\t\t\t\t\t<section class=\"elementor-section elementor-inner-section elementor-element elementor-element-2b3e60a3 elementor-section-boxed elementor-section-height-default elementor-section-height-default\" data-id=\"2b3e60a3\" data-element_type=\"section\" data-e-type=\"section\">\n\t\t\t\t\t\t<div class=\"elementor-container elementor-column-gap-default\">\n\t\t\t\t\t<div class=\"elementor-column elementor-col-50 elementor-inner-column elementor-element elementor-element-4d1745fd\" data-id=\"4d1745fd\" data-element_type=\"column\" data-e-type=\"column\">\n\t\t\t<div class=\"elementor-widget-wrap elementor-element-populated\">\n\t\t\t\t\t\t<div class=\"elementor-element elementor-element-2311f210 elementor-widget elementor-widget-image\" data-id=\"2311f210\" data-element_type=\"widget\" data-e-type=\"widget\" data-widget_type=\"image.default\">\n\t\t\t\t<div class=\"elementor-widget-container\">\n\t\t\t\t\t\t\t\t\t\t\t\t\t\t\t\t<a href=\"https:\/\/vizionare.com.br\/index.php\/2024\/06\/28\/processo-seletivo-mdic\/\">\n\t\t\t\t\t\t\t<img decoding=\"async\" width=\"150\" height=\"150\" src=\"https:\/\/i0.wp.com\/vizionare.com.br\/wp-content\/uploads\/2024\/06\/MDIC.png?resize=150%2C150&amp;ssl=1\" class=\"attachment-thumbnail size-thumbnail wp-image-548\" alt=\"\" srcset=\"https:\/\/i0.wp.com\/vizionare.com.br\/wp-content\/uploads\/2024\/06\/MDIC.png?w=1080&amp;ssl=1 1080w, https:\/\/i0.wp.com\/vizionare.com.br\/wp-content\/uploads\/2024\/06\/MDIC.png?resize=300%2C300&amp;ssl=1 300w, https:\/\/i0.wp.com\/vizionare.com.br\/wp-content\/uploads\/2024\/06\/MDIC.png?resize=1024%2C1024&amp;ssl=1 1024w, https:\/\/i0.wp.com\/vizionare.com.br\/wp-content\/uploads\/2024\/06\/MDIC.png?resize=150%2C150&amp;ssl=1 150w, https:\/\/i0.wp.com\/vizionare.com.br\/wp-content\/uploads\/2024\/06\/MDIC.png?resize=768%2C768&amp;ssl=1 768w, https:\/\/i0.wp.com\/vizionare.com.br\/wp-content\/uploads\/2024\/06\/MDIC.png?resize=100%2C100&amp;ssl=1 100w\" sizes=\"(max-width: 150px) 100vw, 150px\" \/>\t\t\t\t\t\t\t\t<\/a>\n\t\t\t\t\t\t\t\t\t\t\t\t\t\t\t<\/div>\n\t\t\t\t<\/div>\n\t\t\t\t\t<\/div>\n\t\t<\/div>\n\t\t\t\t<div class=\"elementor-column elementor-col-50 elementor-inner-column elementor-element elementor-element-58daecf3\" data-id=\"58daecf3\" data-element_type=\"column\" data-e-type=\"column\">\n\t\t\t<div class=\"elementor-widget-wrap elementor-element-populated\">\n\t\t\t\t\t\t<div class=\"elementor-element elementor-element-5b036c16 elementor-widget elementor-widget-text-editor\" data-id=\"5b036c16\" data-element_type=\"widget\" data-e-type=\"widget\" data-widget_type=\"text-editor.default\">\n\t\t\t\t<div class=\"elementor-widget-container\">\n\t\t\t\t\t\t\t\t\t<p>PROCESSO SELETIVO<\/p>\t\t\t\t\t\t\t\t<\/div>\n\t\t\t\t<\/div>\n\t\t\t\t<div class=\"elementor-element elementor-element-53de72a9 elementor-widget elementor-widget-heading\" data-id=\"53de72a9\" data-element_type=\"widget\" data-e-type=\"widget\" data-widget_type=\"heading.default\">\n\t\t\t\t<div class=\"elementor-widget-container\">\n\t\t\t\t\t<h2 class=\"elementor-heading-title elementor-size-default\"><a href=\"https:\/\/vizionare.com.br\/index.php\/2024\/06\/28\/processo-seletivo-mdic\/\"><b> MINIST\u00c9RIO DO DESENVOLVIMENTO, IND\u00daSTRIA E COM\u00c9RCIO EXTERIOR  - MDIC<\/b><\/a><\/h2>\t\t\t\t<\/div>\n\t\t\t\t<\/div>\n\t\t\t\t<div class=\"elementor-element elementor-element-4e4d7b68 elementor-widget elementor-widget-text-editor\" data-id=\"4e4d7b68\" data-element_type=\"widget\" data-e-type=\"widget\" data-widget_type=\"text-editor.default\">\n\t\t\t\t<div class=\"elementor-widget-container\">\n\t\t\t\t\t\t\t\t\t<p>Situa\u00e7\u00e3o: finalizado<\/p>\t\t\t\t\t\t\t\t<\/div>\n\t\t\t\t<\/div>\n\t\t\t\t\t<\/div>\n\t\t<\/div>\n\t\t\t\t\t<\/div>\n\t\t<\/section>\n\t\t\t\t\t<\/div>\n\t\t<\/div>\n\t\t\t\t\t<\/div>\n\t\t<\/section>\n\t\t\t\t<\/div>\n\t\t","protected":false},"excerpt":{"rendered":"<p>PROCESSOS SELETIVOS E CONCURSOS PROCESSO SELETIVO MINIST\u00c9RIO DO DESENVOLVIMENTO, IND\u00daSTRIA E COM\u00c9RCIO EXTERIOR &#8211; MDIC Situa\u00e7\u00e3o: finalizado<\/p>\n","protected":false},"author":1,"featured_media":584,"parent":0,"menu_order":0,"comment_status":"closed","ping_status":"closed","template":"elementor_canvas","meta":{"footnotes":""},"class_list":["post-525","page","type-page","status-publish","has-post-thumbnail","hentry"],"yoast_head":"<!-- This site is optimized with the Yoast SEO plugin v27.3 - https:\/\/yoast.com\/product\/yoast-seo-wordpress\/ -->\n<title>Processos seletivos e concursos - Vizionare<\/title>\n<meta name=\"robots\" content=\"index, follow, max-snippet:-1, max-image-preview:large, max-video-preview:-1\" \/>\n<link rel=\"canonical\" href=\"https:\/\/vizionare.com.br\/index.php\/processos-seletivos-e-concursos\/\" \/>\n<meta property=\"og:locale\" content=\"pt_PT\" \/>\n<meta property=\"og:type\" content=\"article\" \/>\n<meta property=\"og:title\" content=\"Processos seletivos e concursos - Vizionare\" \/>\n<meta property=\"og:description\" content=\"PROCESSOS SELETIVOS E CONCURSOS PROCESSO SELETIVO MINIST\u00c9RIO DO DESENVOLVIMENTO, IND\u00daSTRIA E COM\u00c9RCIO EXTERIOR &#8211; MDIC Situa\u00e7\u00e3o: finalizado\" \/>\n<meta property=\"og:url\" content=\"https:\/\/vizionare.com.br\/index.php\/processos-seletivos-e-concursos\/\" \/>\n<meta property=\"og:site_name\" content=\"Vizionare\" \/>\n<meta property=\"article:modified_time\" content=\"2024-06-27T23:29:45+00:00\" \/>\n<meta property=\"og:image\" content=\"https:\/\/i0.wp.com\/vizionare.com.br\/wp-content\/uploads\/2024\/06\/VIZIONARE.png?fit=1080%2C1080&ssl=1\" \/>\n\t<meta property=\"og:image:width\" content=\"1080\" \/>\n\t<meta property=\"og:image:height\" content=\"1080\" \/>\n\t<meta property=\"og:image:type\" content=\"image\/png\" \/>\n<meta name=\"twitter:card\" content=\"summary_large_image\" \/>\n<meta name=\"twitter:label1\" content=\"Tempo estimado de leitura\" \/>\n\t<meta name=\"twitter:data1\" content=\"1 minuto\" \/>\n<script type=\"application\/ld+json\" class=\"yoast-schema-graph\">{\"@context\":\"https:\\\/\\\/schema.org\",\"@graph\":[{\"@type\":\"WebPage\",\"@id\":\"https:\\\/\\\/vizionare.com.br\\\/index.php\\\/processos-seletivos-e-concursos\\\/\",\"url\":\"https:\\\/\\\/vizionare.com.br\\\/index.php\\\/processos-seletivos-e-concursos\\\/\",\"name\":\"Processos seletivos e concursos - Vizionare\",\"isPartOf\":{\"@id\":\"https:\\\/\\\/vizionare.com.br\\\/#website\"},\"primaryImageOfPage\":{\"@id\":\"https:\\\/\\\/vizionare.com.br\\\/index.php\\\/processos-seletivos-e-concursos\\\/#primaryimage\"},\"image\":{\"@id\":\"https:\\\/\\\/vizionare.com.br\\\/index.php\\\/processos-seletivos-e-concursos\\\/#primaryimage\"},\"thumbnailUrl\":\"https:\\\/\\\/i0.wp.com\\\/vizionare.com.br\\\/wp-content\\\/uploads\\\/2024\\\/06\\\/VIZIONARE.png?fit=1080%2C1080&ssl=1\",\"datePublished\":\"2024-06-27T21:40:29+00:00\",\"dateModified\":\"2024-06-27T23:29:45+00:00\",\"breadcrumb\":{\"@id\":\"https:\\\/\\\/vizionare.com.br\\\/index.php\\\/processos-seletivos-e-concursos\\\/#breadcrumb\"},\"inLanguage\":\"pt-PT\",\"potentialAction\":[{\"@type\":\"ReadAction\",\"target\":[\"https:\\\/\\\/vizionare.com.br\\\/index.php\\\/processos-seletivos-e-concursos\\\/\"]}]},{\"@type\":\"ImageObject\",\"inLanguage\":\"pt-PT\",\"@id\":\"https:\\\/\\\/vizionare.com.br\\\/index.php\\\/processos-seletivos-e-concursos\\\/#primaryimage\",\"url\":\"https:\\\/\\\/i0.wp.com\\\/vizionare.com.br\\\/wp-content\\\/uploads\\\/2024\\\/06\\\/VIZIONARE.png?fit=1080%2C1080&ssl=1\",\"contentUrl\":\"https:\\\/\\\/i0.wp.com\\\/vizionare.com.br\\\/wp-content\\\/uploads\\\/2024\\\/06\\\/VIZIONARE.png?fit=1080%2C1080&ssl=1\",\"width\":1080,\"height\":1080},{\"@type\":\"BreadcrumbList\",\"@id\":\"https:\\\/\\\/vizionare.com.br\\\/index.php\\\/processos-seletivos-e-concursos\\\/#breadcrumb\",\"itemListElement\":[{\"@type\":\"ListItem\",\"position\":1,\"name\":\"In\u00edcio\",\"item\":\"https:\\\/\\\/vizionare.com.br\\\/\"},{\"@type\":\"ListItem\",\"position\":2,\"name\":\"Processos seletivos e concursos\"}]},{\"@type\":\"WebSite\",\"@id\":\"https:\\\/\\\/vizionare.com.br\\\/#website\",\"url\":\"https:\\\/\\\/vizionare.com.br\\\/\",\"name\":\"Vizionare\",\"description\":\"Consultoria e Gest\u00e3o Empresarial\",\"publisher\":{\"@id\":\"https:\\\/\\\/vizionare.com.br\\\/#organization\"},\"potentialAction\":[{\"@type\":\"SearchAction\",\"target\":{\"@type\":\"EntryPoint\",\"urlTemplate\":\"https:\\\/\\\/vizionare.com.br\\\/?s={search_term_string}\"},\"query-input\":{\"@type\":\"PropertyValueSpecification\",\"valueRequired\":true,\"valueName\":\"search_term_string\"}}],\"inLanguage\":\"pt-PT\"},{\"@type\":\"Organization\",\"@id\":\"https:\\\/\\\/vizionare.com.br\\\/#organization\",\"name\":\"Vizionare - Consultoria e Gest\u00e3o Empresarial em Bras\u00edlia\",\"url\":\"https:\\\/\\\/vizionare.com.br\\\/\",\"logo\":{\"@type\":\"ImageObject\",\"inLanguage\":\"pt-PT\",\"@id\":\"https:\\\/\\\/vizionare.com.br\\\/#\\\/schema\\\/logo\\\/image\\\/\",\"url\":\"https:\\\/\\\/i0.wp.com\\\/vizionare.com.br\\\/wp-content\\\/uploads\\\/2020\\\/07\\\/Logo-Vizionare-2.png?fit=270%2C79&ssl=1\",\"contentUrl\":\"https:\\\/\\\/i0.wp.com\\\/vizionare.com.br\\\/wp-content\\\/uploads\\\/2020\\\/07\\\/Logo-Vizionare-2.png?fit=270%2C79&ssl=1\",\"width\":270,\"height\":79,\"caption\":\"Vizionare - Consultoria e Gest\u00e3o Empresarial em Bras\u00edlia\"},\"image\":{\"@id\":\"https:\\\/\\\/vizionare.com.br\\\/#\\\/schema\\\/logo\\\/image\\\/\"}}]}<\/script>\n<!-- \/ Yoast SEO plugin. -->","yoast_head_json":{"title":"Processos seletivos e concursos - Vizionare","robots":{"index":"index","follow":"follow","max-snippet":"max-snippet:-1","max-image-preview":"max-image-preview:large","max-video-preview":"max-video-preview:-1"},"canonical":"https:\/\/vizionare.com.br\/index.php\/processos-seletivos-e-concursos\/","og_locale":"pt_PT","og_type":"article","og_title":"Processos seletivos e concursos - Vizionare","og_description":"PROCESSOS SELETIVOS E CONCURSOS PROCESSO SELETIVO MINIST\u00c9RIO DO DESENVOLVIMENTO, IND\u00daSTRIA E COM\u00c9RCIO EXTERIOR &#8211; MDIC Situa\u00e7\u00e3o: finalizado","og_url":"https:\/\/vizionare.com.br\/index.php\/processos-seletivos-e-concursos\/","og_site_name":"Vizionare","article_modified_time":"2024-06-27T23:29:45+00:00","og_image":[{"width":1080,"height":1080,"url":"https:\/\/i0.wp.com\/vizionare.com.br\/wp-content\/uploads\/2024\/06\/VIZIONARE.png?fit=1080%2C1080&ssl=1","type":"image\/png"}],"twitter_card":"summary_large_image","twitter_misc":{"Tempo estimado de leitura":"1 minuto"},"schema":{"@context":"https:\/\/schema.org","@graph":[{"@type":"WebPage","@id":"https:\/\/vizionare.com.br\/index.php\/processos-seletivos-e-concursos\/","url":"https:\/\/vizionare.com.br\/index.php\/processos-seletivos-e-concursos\/","name":"Processos seletivos e concursos - Vizionare","isPartOf":{"@id":"https:\/\/vizionare.com.br\/#website"},"primaryImageOfPage":{"@id":"https:\/\/vizionare.com.br\/index.php\/processos-seletivos-e-concursos\/#primaryimage"},"image":{"@id":"https:\/\/vizionare.com.br\/index.php\/processos-seletivos-e-concursos\/#primaryimage"},"thumbnailUrl":"https:\/\/i0.wp.com\/vizionare.com.br\/wp-content\/uploads\/2024\/06\/VIZIONARE.png?fit=1080%2C1080&ssl=1","datePublished":"2024-06-27T21:40:29+00:00","dateModified":"2024-06-27T23:29:45+00:00","breadcrumb":{"@id":"https:\/\/vizionare.com.br\/index.php\/processos-seletivos-e-concursos\/#breadcrumb"},"inLanguage":"pt-PT","potentialAction":[{"@type":"ReadAction","target":["https:\/\/vizionare.com.br\/index.php\/processos-seletivos-e-concursos\/"]}]},{"@type":"ImageObject","inLanguage":"pt-PT","@id":"https:\/\/vizionare.com.br\/index.php\/processos-seletivos-e-concursos\/#primaryimage","url":"https:\/\/i0.wp.com\/vizionare.com.br\/wp-content\/uploads\/2024\/06\/VIZIONARE.png?fit=1080%2C1080&ssl=1","contentUrl":"https:\/\/i0.wp.com\/vizionare.com.br\/wp-content\/uploads\/2024\/06\/VIZIONARE.png?fit=1080%2C1080&ssl=1","width":1080,"height":1080},{"@type":"BreadcrumbList","@id":"https:\/\/vizionare.com.br\/index.php\/processos-seletivos-e-concursos\/#breadcrumb","itemListElement":[{"@type":"ListItem","position":1,"name":"In\u00edcio","item":"https:\/\/vizionare.com.br\/"},{"@type":"ListItem","position":2,"name":"Processos seletivos e concursos"}]},{"@type":"WebSite","@id":"https:\/\/vizionare.com.br\/#website","url":"https:\/\/vizionare.com.br\/","name":"Vizionare","description":"Consultoria e Gest\u00e3o Empresarial","publisher":{"@id":"https:\/\/vizionare.com.br\/#organization"},"potentialAction":[{"@type":"SearchAction","target":{"@type":"EntryPoint","urlTemplate":"https:\/\/vizionare.com.br\/?s={search_term_string}"},"query-input":{"@type":"PropertyValueSpecification","valueRequired":true,"valueName":"search_term_string"}}],"inLanguage":"pt-PT"},{"@type":"Organization","@id":"https:\/\/vizionare.com.br\/#organization","name":"Vizionare - Consultoria e Gest\u00e3o Empresarial em Bras\u00edlia","url":"https:\/\/vizionare.com.br\/","logo":{"@type":"ImageObject","inLanguage":"pt-PT","@id":"https:\/\/vizionare.com.br\/#\/schema\/logo\/image\/","url":"https:\/\/i0.wp.com\/vizionare.com.br\/wp-content\/uploads\/2020\/07\/Logo-Vizionare-2.png?fit=270%2C79&ssl=1","contentUrl":"https:\/\/i0.wp.com\/vizionare.com.br\/wp-content\/uploads\/2020\/07\/Logo-Vizionare-2.png?fit=270%2C79&ssl=1","width":270,"height":79,"caption":"Vizionare - Consultoria e Gest\u00e3o Empresarial em Bras\u00edlia"},"image":{"@id":"https:\/\/vizionare.com.br\/#\/schema\/logo\/image\/"}}]}},"jetpack_sharing_enabled":true,"_links":{"self":[{"href":"https:\/\/vizionare.com.br\/index.php\/wp-json\/wp\/v2\/pages\/525","targetHints":{"allow":["GET"]}}],"collection":[{"href":"https:\/\/vizionare.com.br\/index.php\/wp-json\/wp\/v2\/pages"}],"about":[{"href":"https:\/\/vizionare.com.br\/index.php\/wp-json\/wp\/v2\/types\/page"}],"author":[{"embeddable":true,"href":"https:\/\/vizionare.com.br\/index.php\/wp-json\/wp\/v2\/users\/1"}],"replies":[{"embeddable":true,"href":"https:\/\/vizionare.com.br\/index.php\/wp-json\/wp\/v2\/comments?post=525"}],"version-history":[{"count":14,"href":"https:\/\/vizionare.com.br\/index.php\/wp-json\/wp\/v2\/pages\/525\/revisions"}],"predecessor-version":[{"id":594,"href":"https:\/\/vizionare.com.br\/index.php\/wp-json\/wp\/v2\/pages\/525\/revisions\/594"}],"wp:featuredmedia":[{"embeddable":true,"href":"https:\/\/vizionare.com.br\/index.php\/wp-json\/wp\/v2\/media\/584"}],"wp:attachment":[{"href":"https:\/\/vizionare.com.br\/index.php\/wp-json\/wp\/v2\/media?parent=525"}],"curies":[{"name":"wp","href":"https:\/\/api.w.org\/{rel}","templated":true}]}}